{"id":1369,"date":"2021-11-03T07:40:49","date_gmt":"2021-11-03T07:40:49","guid":{"rendered":"https:\/\/dobrowolski.igf.edu.pl\/?page_id=1369"},"modified":"2021-11-03T07:48:27","modified_gmt":"2021-11-03T07:48:27","slug":"deklaracja-dostepnosci-cyfrowej","status":"publish","type":"page","link":"https:\/\/dobrowolski.igf.edu.pl\/?page_id=1369","title":{"rendered":"Deklaracja dost\u0119pno\u015bci cyfrowej"},"content":{"rendered":"\n<p>O\u015bwiadczenie w sprawie dost\u0119pno\u015bci<\/p>\n\n\n\n<p><strong>Wst\u0119p<\/strong><br><br>Instytut Geofizyki Polskiej Akademii Nauk zobowi\u0105zuje si\u0119 zapewni\u0107 dost\u0119pno\u015b\u0107 swojej strony internetowej zgodnie z ustaw\u0105 z dnia 4 kwietnia 2019 r. o dost\u0119pno\u015bci cyfrowej stron internetowych i aplikacji mobilnych podmiot\u00f3w publicznych. O\u015bwiadczenie w sprawie dost\u0119pno\u015bci ma zastosowanie do strony internetowej <a href=\"https:\/\/igf.edu.pl\/\" target=\"_blank\" rel=\"noreferrer noopener\">Instytutu Geofizyki Polskiej Akademii Nauk.<\/a><\/p>\n\n\n\n<p><strong>Daty publikacji i aktualizacji<\/strong><\/p>\n\n\n\n<p>Data ostatniej istotnej aktualizacji: 2021-11-03.<\/p>\n\n\n\n<p><strong>Status pod wzgl\u0119dem zgodno\u015bci z ustaw\u0105<\/strong><br><br>Strona internetowa jest cz\u0119\u015bciowo zgodna z ustaw\u0105 z dnia 4 kwietnia 2019 r. o dost\u0119pno\u015bci cyfrowej stron internetowych i aplikacji mobilnych podmiot\u00f3w publicznych z powodu niezgodno\u015bci lub wy\u0142\u0105cze\u0144 wymienionych poni\u017cej.<\/p>\n\n\n\n<ul class=\"wp-block-list\"><li>Brak opis\u00f3w zdj\u0119\u0107, tekstu alternatywnego dla czytnik\u00f3w obs\u0142ugiwanych przez osoby niepe\u0142nosprawne.<\/li><li>Niekt\u00f3re linki nie posiadaj\u0105 tre\u015bci ani tytu\u0142u lub alt zawartego obrazu jest pusty lub go brakuje.<\/li><\/ul>\n\n\n\n<p>Wyeliminowanie powy\u017cszych wad w dost\u0119pno\u015bci nast\u0105pi do ko\u0144ca 2021 roku.<\/p>\n\n\n\n<p><strong>Data sporz\u0105dzenia Deklaracji i metoda oceny dost\u0119pno\u015bci cyfrowej<\/strong><br><br>O\u015bwiadczenie sporz\u0105dzono dnia: 2021-11-03. Deklaracj\u0119 sporz\u0105dzono na podstawie samooceny przeprowadzonej przez podmiot publiczny.<\/p>\n\n\n\n<p><strong>Skr\u00f3ty klawiaturowe<\/strong><br><br>Na stronie internetowej mo\u017cna u\u017cywa\u0107 standardowych skr\u00f3t\u00f3w klawiaturowych przegl\u0105darki<br>Dost\u0119pne udogodnienia dla os\u00f3b niepe\u0142nosprawnych:<\/p>\n\n\n\n<ul class=\"wp-block-list\"><li>powi\u0119kszanie czcionki<\/li><li>pod\u015bwietlanie link\u00f3w<\/li><\/ul>\n\n\n\n<p><strong><br>Informacje zwrotne i dane kontaktowe<\/strong><br><br>W przypadku problem\u00f3w z dost\u0119pno\u015bci\u0105 strony internetowej prosimy o kontakt. Osob\u0105 kontaktow\u0105 jest dwyka@igf.edu.pl. Kontaktowa\u0107 mo\u017cna si\u0119 tak\u017ce dzwoni\u0105c na numer telefonu 22 69 15 627. T\u0105 sam\u0105 drog\u0105 mo\u017cna sk\u0142ada\u0107 wnioski o udost\u0119pnienie informacji niedost\u0119pnej oraz sk\u0142ada\u0107 skargi na brak zapewnienia dost\u0119pno\u015bci.<\/p>\n\n\n\n<p>Info<strong>r<\/strong>macje na temat procedury<br><br>Ka\u017cdy ma prawo do wyst\u0105pienia z \u017c\u0105daniem zapewnienia dost\u0119pno\u015bci cyfrowej strony internetowej, aplikacji mobilnej lub jakiego\u015b ich elementu. Mo\u017cna tak\u017ce za\u017c\u0105da\u0107 udost\u0119pnienia informacji za pomoc\u0105 alternatywnego sposobu dost\u0119pu, na przyk\u0142ad przez odczytanie niedost\u0119pnego cyfrowo dokumentu, opisanie zawarto\u015bci filmu bez audiodeskrypcji itp. \u017b\u0105danie powinno zawiera\u0107 dane osoby zg\u0142aszaj\u0105cej \u017c\u0105danie, wskazanie, o kt\u00f3r\u0105 stron\u0119 internetow\u0105 lub aplikacj\u0119 mobiln\u0105 chodzi oraz spos\u00f3b kontaktu. Je\u017celi osoba \u017c\u0105daj\u0105ca zg\u0142asza potrzeb\u0119 otrzymania informacji za pomoc\u0105 alternatywnego sposobu dost\u0119pu, powinna tak\u017ce okre\u015bli\u0107 dogodny dla niej spos\u00f3b przedstawienia tej informacji. Podmiot publiczny powinien zrealizowa\u0107 \u017c\u0105danie niezw\u0142ocznie, nie p\u00f3\u017aniej ni\u017c w ci\u0105gu 7 dni od dnia wyst\u0105pienia z \u017c\u0105daniem. Je\u017celi dotrzymanie tego terminu nie jest mo\u017cliwe, podmiot publiczny niezw\u0142ocznie informuje o tym wnosz\u0105cego \u017c\u0105danie, kiedy realizacja \u017c\u0105dania b\u0119dzie mo\u017cliwa, przy czym termin ten nie mo\u017ce by\u0107 d\u0142u\u017cszy ni\u017c 2 miesi\u0105ce od dnia wyst\u0105pienia z \u017c\u0105daniem. Je\u017celi zapewnienie dost\u0119pno\u015bci cyfrowej nie jest mo\u017cliwe, podmiot publiczny mo\u017ce zaproponowa\u0107 alternatywny spos\u00f3b dost\u0119pu do informacji. W przypadku, gdy podmiot publiczny odm\u00f3wi realizacji \u017c\u0105dania zapewnienia dost\u0119pno\u015bci lub alternatywnego sposobu dost\u0119pu do informacji, wnosz\u0105cy \u017c\u0105danie mo\u017cne z\u0142o\u017cy\u0107 skarg\u0119 w sprawie zapewniana dost\u0119pno\u015bci cyfrowej strony internetowej, aplikacji mobilnej lub elementu strony internetowej, lub aplikacji mobilnej. Po wyczerpaniu wskazanej wy\u017cej procedury mo\u017cna tak\u017ce z\u0142o\u017cy\u0107 wniosek do <a href=\"https:\/\/www.rpo.gov.pl\/\" target=\"_blank\" rel=\"noreferrer noopener\">Rzecznika Praw Obywatelskich.<\/a><br>\u00a0<\/p>\n","protected":false},"excerpt":{"rendered":"<p>O\u015bwiadczenie w sprawie dost\u0119pno\u015bci Wst\u0119p Instytut Geofizyki Polskiej Akademii Nauk zobowi\u0105zuje si\u0119 zapewni\u0107 dost\u0119pno\u015b\u0107 swojej strony internetowej zgodnie z ustaw\u0105 z dnia 4 kwietnia 2019 r. o dost\u0119pno\u015bci cyfrowej stron internetowych i aplikacji mobilnych podmiot\u00f3w publicznych. O\u015bwiadczenie w sprawie dost\u0119pno\u015bci ma zastosowanie do strony internetowej Instytutu Geofizyki Polskiej Akademii Nauk. Daty publikacji i aktualizacji Data [&hellip;]<\/p>\n","protected":false},"author":1,"featured_media":0,"parent":0,"menu_order":0,"comment_status":"closed","ping_status":"closed","template":"","meta":{"footnotes":""},"class_list":["post-1369","page","type-page","status-publish","hentry"],"_links":{"self":[{"href":"https:\/\/dobrowolski.igf.edu.pl\/index.php?rest_route=\/wp\/v2\/pages\/1369","targetHints":{"allow":["GET"]}}],"collection":[{"href":"https:\/\/dobrowolski.igf.edu.pl\/index.php?rest_route=\/wp\/v2\/pages"}],"about":[{"href":"https:\/\/dobrowolski.igf.edu.pl\/index.php?rest_route=\/wp\/v2\/types\/page"}],"author":[{"embeddable":true,"href":"https:\/\/dobrowolski.igf.edu.pl\/index.php?rest_route=\/wp\/v2\/users\/1"}],"replies":[{"embeddable":true,"href":"https:\/\/dobrowolski.igf.edu.pl\/index.php?rest_route=%2Fwp%2Fv2%2Fcomments&post=1369"}],"version-history":[{"count":3,"href":"https:\/\/dobrowolski.igf.edu.pl\/index.php?rest_route=\/wp\/v2\/pages\/1369\/revisions"}],"predecessor-version":[{"id":1474,"href":"https:\/\/dobrowolski.igf.edu.pl\/index.php?rest_route=\/wp\/v2\/pages\/1369\/revisions\/1474"}],"wp:attachment":[{"href":"https:\/\/dobrowolski.igf.edu.pl\/index.php?rest_route=%2Fwp%2Fv2%2Fmedia&parent=1369"}],"curies":[{"name":"wp","href":"https:\/\/api.w.org\/{rel}","templated":true}]}}