{"id":229,"date":"2021-08-17T10:26:51","date_gmt":"2021-08-17T10:26:51","guid":{"rendered":"https:\/\/dobrowolski.igf.edu.pl\/?page_id=229"},"modified":"2021-09-10T07:19:09","modified_gmt":"2021-09-10T07:19:09","slug":"kontakt","status":"publish","type":"page","link":"https:\/\/dobrowolski.igf.edu.pl\/?page_id=229","title":{"rendered":"Kontakt"},"content":{"rendered":"\n<p>Instytut Geofizyki Polskiej Akademii Nauk<\/p>\n\n\n\n<p>Zak\u0142ad Bada\u0144 Polarnych i Morskich<\/p>\n\n\n\n<p>ul. Ksi\u0119cia Janusza 64, 01-452 Warszawa<\/p>\n\n\n\n<p>e-mail: <a href=\"mailto:dobrowolski@igf.edu.pl\">dobrowolski@igf.edu.pl<\/a><\/p>\n","protected":false},"excerpt":{"rendered":"<p>Instytut Geofizyki Polskiej Akademii Nauk Zak\u0142ad Bada\u0144 Polarnych i Morskich ul. Ksi\u0119cia Janusza 64, 01-452 Warszawa e-mail: dobrowolski@igf.edu.pl<\/p>\n","protected":false},"author":1,"featured_media":0,"parent":0,"menu_order":0,"comment_status":"closed","ping_status":"closed","template":"","meta":{"footnotes":""},"class_list":["post-229","page","type-page","status-publish","hentry"],"_links":{"self":[{"href":"https:\/\/dobrowolski.igf.edu.pl\/index.php?rest_route=\/wp\/v2\/pages\/229","targetHints":{"allow":["GET"]}}],"collection":[{"href":"https:\/\/dobrowolski.igf.edu.pl\/index.php?rest_route=\/wp\/v2\/pages"}],"about":[{"href":"https:\/\/dobrowolski.igf.edu.pl\/index.php?rest_route=\/wp\/v2\/types\/page"}],"author":[{"embeddable":true,"href":"https:\/\/dobrowolski.igf.edu.pl\/index.php?rest_route=\/wp\/v2\/users\/1"}],"replies":[{"embeddable":true,"href":"https:\/\/dobrowolski.igf.edu.pl\/index.php?rest_route=%2Fwp%2Fv2%2Fcomments&post=229"}],"version-history":[{"count":3,"href":"https:\/\/dobrowolski.igf.edu.pl\/index.php?rest_route=\/wp\/v2\/pages\/229\/revisions"}],"predecessor-version":[{"id":562,"href":"https:\/\/dobrowolski.igf.edu.pl\/index.php?rest_route=\/wp\/v2\/pages\/229\/revisions\/562"}],"wp:attachment":[{"href":"https:\/\/dobrowolski.igf.edu.pl\/index.php?rest_route=%2Fwp%2Fv2%2Fmedia&parent=229"}],"curies":[{"name":"wp","href":"https:\/\/api.w.org\/{rel}","templated":true}]}}