{"id":3277,"date":"2022-06-23T10:31:18","date_gmt":"2022-06-23T10:31:18","guid":{"rendered":"https:\/\/dobrowolski.igf.edu.pl\/?page_id=3277"},"modified":"2022-06-23T11:44:38","modified_gmt":"2022-06-23T11:44:38","slug":"wyprawy","status":"publish","type":"page","link":"https:\/\/dobrowolski.igf.edu.pl\/?page_id=3277","title":{"rendered":"Wyprawy"},"content":{"rendered":"\n<p><a href=\"https:\/\/dobrowolski.igf.edu.pl\/?page_id=3307\" title=\"1958\/1959\">Pierwsza Polska Wyprawa do Oazy Bungera mia\u0142a miejsce w roku 1958<\/a>. Jej celem by\u0142o przej\u0119cie Stacji Oazis od ZSRR. Wyprawa wyp\u0142yn\u0119\u0142a z Gdyni 24 grudnia 1958 roku na statku MS \u201eMichai\u0142 Kalinin\u201d wraz z uczestnikami 4. Radzieckiej Wyprawy Antarktycznej. W sk\u0142ad polskiej grupy wesz\u0142o siedem os\u00f3b: Wojciech Krzemi\u0144ski (kierownik, geofizyk), Czes\u0142aw Centkiewicz (elektryk, pisarz), Janusz \u015aledzi\u0144ski (geodeta), Zbigniew Z\u0105bek (geodeta), Maciej Zalewski (geofizyk), Czes\u0142aw Nowicki (dziennikarz), Stefan Zbigniew R\u00f3\u017cycki (polarnik i geolog), kt\u00f3ry jako przedstawiciel Polskiej Akademii Nauk (PAN) bra\u0142 udzia\u0142 w przekazaniu Stacji Oazis od strony formalnej. Wyprawie towarzyszy\u0142a r\u00f3wnie\u017c Alina Centkiewicz (pisarka, stypendystka Ministerstwa Kultury i Sztuki), kt\u00f3ra jednak do Stacji Dobrowolskiego nie dotar\u0142a.<\/p>\n\n\n\n<p>Dnia 23 stycznia 1959 roku, w Oazie Bungera, mia\u0142a miejsce uroczysto\u015b\u0107 przekazania Stacji Oazis. Zmieniono jej nazw\u0119, a nowym patronem Stacji zosta\u0142 Antoni Boles\u0142aw Dobrowolski, kt\u00f3ry by\u0142 geofizykiem, meteorologiem i jednym z dw\u00f3ch pierwszych Polak\u00f3w, obok Henryka Arctowskiego, kt\u00f3rzy sp\u0119dzili antarktyczn\u0105 zim\u0119 w ramach Pierwszej Belgijskiej Wyprawy na statku \u201eBelgica\u201d (1897-1899).<\/p>\n\n\n\n<p><a href=\"https:\/\/dobrowolski.igf.edu.pl\/?page_id=3331\" title=\"1965\/1966\">Kolejna grupa polskich badaczy zawita\u0142a na kilka dni do Oazy Bungera w styczniu 1966 roku<\/a>. Byli to geofizycy Maciej Zalewski (kierownik wyprawy), Adam Kuchci\u0144ski i Ryszard Czajkowski, kt\u00f3rzy prowadzili program badawczy ustalony przez PAN i zimowali w Stacji Mo\u0142odzio\u017cnaja w ramach 11. Radzieckiej Wyprawy Antarktycznej. Wraz z nimi przybyli do Stacji geofizyk Janusz Molski i moskiewski korespondent PAP Bronis\u0142aw Majtczak, b\u0119d\u0105cy na Antarktydzie w sezonie letnim.<\/p>\n\n\n\n<p><a href=\"https:\/\/dobrowolski.igf.edu.pl\/?page_id=3349\" title=\"1978\/1979\">Pod koniec 1978 roku wyp\u0142yn\u0119\u0142a z Polski na statku MS \u201eZawichost\u201d<\/a> czternastoosobowa wyprawa naukowa PAN pod kierownictwem Wojciecha Krzemi\u0144skiego. Jej celem by\u0142o wznowienie prac badawczych w Stacji im. A.B. Dobrowolskiego. Grup\u0119 naukow\u0105 wyprawy tworzyli Zbigniew Battke (aerofotogrametra), Gabriel W\u00f3jcik (zast\u0119pca kierownika, klimatolog), Edward Wi\u015bniewski (geomorfolog), geodeci: Andrzej Pachuta, Jan Cisak i Seweryn Mroczek, a tak\u017ce Zbigniew Kowalewski (zast\u0119pca kierownika do spraw technicznych), Bronis\u0142aw \u015awietlicki (lekarz), Janusz Gumi\u0144ski (radiotelegrafista), Czes\u0142aw Opoka (pilot) oraz trzech mechanik\u00f3w lotniczych: Janusz Mazur, Zdzis\u0142aw Stochnia\u0142 i Maciej Ta\u0142a\u0142as. W\u015br\u00f3d osi\u0105gni\u0119\u0107 ekspedycji nale\u017cy wskaza\u0107 wykonanie zdj\u0119\u0107 z polskiego \u015bmig\u0142owca Mi-2, kt\u00f3re pos\u0142u\u017cy\u0142y Zbigniewowi Battke do sporz\u0105dzenia mapy okolic Stacji oraz opracowania naukowe z zakresu geodezji, geofizyki, geomorfologii i klimatologii. Polacy sp\u0119dzili w Oazie Bungera oko\u0142o miesi\u0105ca. By\u0142a to ostatnia do tej pory Polska Wyprawa Naukowa do Stacji im. A.B. Dobrowolskiego.<\/p>\n\n\n\n<p>W 1987 roku korzystali z niej Rosjanie podczas budowy stacji Oazis-2, kt\u00f3ra powsta\u0142a w Oazie Bungera oko\u0142o 200 metr\u00f3w na zach\u00f3d od Stacji Dobrowolskiego, a <a href=\"https:\/\/dobrowolski.igf.edu.pl\/?page_id=3373\" title=\"1988\/1989\">dwa lata p\u00f3\u017aniej przez 65 dni pracowa\u0142o w tym miejscu dw\u00f3ch polskich biolog\u00f3w<\/a>, Krzysztof Filcek i Krzysztof Zieli\u0144ski z Zak\u0142adu Biologii Antarktyki PAN, uczestnik\u00f3w wyprawy rosyjskiej. Jednak wyprawa ta korzysta\u0142a ju\u017c z nowej Stacji Oazis-2.<\/p>\n\n\n\n<p>Od tego czasu Stacja im. A.B. Dobrowolskiego by\u0142a nieu\u017cytkowana i odwiedzana tylko sporadycznie przez mi\u0119dzynarodowe zespo\u0142y, m.in. Australijsk\u0105 Dywizj\u0119 Antarktyczn\u0105 (AAD) w latach 2010 oraz w sezonie 2013\/2014, a tak\u017ce przez Rosyjski Instytut Badawczy Arktyki i Antarktyki (AARI), kt\u00f3rego wyprawy dzia\u0142aj\u0105 w Oazie Bungera w oparciu o Rosyjsk\u0105 Stacj\u0119 Oazis-2.<\/p>\n\n\n\n<p>W sezoni<a href=\"https:\/\/dobrowolski.igf.edu.pl\/?page_id=61\" title=\"2021\/2022\">e 2021\/2022 w Stacji im. A.B. Dobrowolskiego pracowa\u0142a IV Wyprawa Geofizyczna<\/a> organizowana przez Instytut Geofizyki PAN.<\/p>\n","protected":false},"excerpt":{"rendered":"<p>Pierwsza Polska Wyprawa do Oazy Bungera mia\u0142a miejsce w roku 1958. Jej celem by\u0142o przej\u0119cie Stacji Oazis od ZSRR. Wyprawa wyp\u0142yn\u0119\u0142a z Gdyni 24 grudnia 1958 roku na statku MS \u201eMichai\u0142 Kalinin\u201d wraz z uczestnikami 4. Radzieckiej Wyprawy Antarktycznej. W sk\u0142ad polskiej grupy wesz\u0142o siedem os\u00f3b: Wojciech Krzemi\u0144ski (kierownik, geofizyk), Czes\u0142aw Centkiewicz (elektryk, pisarz), Janusz [&hellip;]<\/p>\n","protected":false},"author":4,"featured_media":0,"parent":0,"menu_order":0,"comment_status":"closed","ping_status":"closed","template":"","meta":{"footnotes":""},"class_list":["post-3277","page","type-page","status-publish","hentry"],"_links":{"self":[{"href":"https:\/\/dobrowolski.igf.edu.pl\/index.php?rest_route=\/wp\/v2\/pages\/3277","targetHints":{"allow":["GET"]}}],"collection":[{"href":"https:\/\/dobrowolski.igf.edu.pl\/index.php?rest_route=\/wp\/v2\/pages"}],"about":[{"href":"https:\/\/dobrowolski.igf.edu.pl\/index.php?rest_route=\/wp\/v2\/types\/page"}],"author":[{"embeddable":true,"href":"https:\/\/dobrowolski.igf.edu.pl\/index.php?rest_route=\/wp\/v2\/users\/4"}],"replies":[{"embeddable":true,"href":"https:\/\/dobrowolski.igf.edu.pl\/index.php?rest_route=%2Fwp%2Fv2%2Fcomments&post=3277"}],"version-history":[{"count":3,"href":"https:\/\/dobrowolski.igf.edu.pl\/index.php?rest_route=\/wp\/v2\/pages\/3277\/revisions"}],"predecessor-version":[{"id":3397,"href":"https:\/\/dobrowolski.igf.edu.pl\/index.php?rest_route=\/wp\/v2\/pages\/3277\/revisions\/3397"}],"wp:attachment":[{"href":"https:\/\/dobrowolski.igf.edu.pl\/index.php?rest_route=%2Fwp%2Fv2%2Fmedia&parent=3277"}],"curies":[{"name":"wp","href":"https:\/\/api.w.org\/{rel}","templated":true}]}}