{"id":3307,"date":"2022-06-23T11:18:56","date_gmt":"2022-06-23T11:18:56","guid":{"rendered":"https:\/\/dobrowolski.igf.edu.pl\/?page_id=3307"},"modified":"2022-06-23T11:20:27","modified_gmt":"2022-06-23T11:20:27","slug":"1958-1959","status":"publish","type":"page","link":"https:\/\/dobrowolski.igf.edu.pl\/?page_id=3307","title":{"rendered":"1958\/1959"},"content":{"rendered":"\n<h2 class=\"wp-block-heading\"><strong>Pierwsza Polska Wyprawa do Oazy Bungera 1958\/1959<\/strong><\/h2>\n\n\n\n<p>Pierwsza Polska Wyprawa Antarktyczna do Oazy Bungera wyruszy\u0142a z Gdyni 24 grudnia 1958 roku. Siedmiu uczestnik\u00f3w wyprawy wraz z 4. Radzieck\u0105 Wypraw\u0105 Antarktyczn\u0105 pop\u0142yn\u0119\u0142o statkiem MS Michai\u0142 Kalinin w kierunku Antarktydy Wschodniej.<\/p>\n\n\n\n<p>W wyprawie wzi\u0119li udzia\u0142: Wojciech Krzemi\u0144ski \u2013 kierownik, geofizyk; Stefan R\u00f3\u017cycki \u2013 geolog, przedstawiciel prezydium PAN; Zbigniew Z\u0105bek \u2013 geodeta; Janusz \u015aledzi\u0144ski \u2013 geodeta; Czes\u0142aw Nowicki \u2013 dziennikarz; Maciej Zalewski \u2013 geofizyk; Czes\u0142aw Centkiewicz \u2013 dokumentalista.<\/p>\n\n\n\n<p>Wraz z wypraw\u0105 na Antarktyd\u0119 pop\u0142yn\u0119\u0142a pisarka i \u017cona Czes\u0142awa Centkiewicza, Alina Centkiewicz. Nie dotar\u0142a do Polskiej Stacji Antarktycznej im. A.B. Dobrowolskiego, ale przelecia\u0142a helikopterem nad Oaz\u0105 Bungera.<\/p>\n\n\n\n<p>Celem polskiej wyprawy by\u0142o przej\u0119cie przekazanej Polsce przez ZSRR stacji Oazis. Dodatkowo w trakcie 9-dniowego pobytu polscy naukowcy mieli zrealizowa\u0107 plan naukowy polegaj\u0105cy na wykonaniu obserwacji meteorologicznych, pomiar\u00f3w sk\u0142adu atmosfery i okre\u015bleniu procentowej zawarto\u015bci dwutlenku w\u0119gla w atmosferze, pomiar\u00f3w radioaktywno\u015bci opad\u00f3w atmosferycznych, rejestracji ziemskiego pola magnetycznego, pomiar\u00f3w rozchodzenia si\u0119 fal radiowych oraz badaniu strefy peryglacjalnej. Planowano tak\u017ce wykona\u0107 pomiary geodezyjne, w tym bezpo\u015bredni pomiary r\u00f3\u017cnicy przyspieszenia si\u0142y ci\u0119\u017cko\u015bci Ziemi mi\u0119dzy Warszaw\u0105 a Antarktyd\u0105 Wschodni\u0105 (pomiary grawimetryczne).<\/p>\n\n\n\n<p>Stacja Oazis, p\u00f3\u017aniej nazwana Stacj\u0105 Dobrowolskiego, zosta\u0142a zbudowana w 1956 roku na potrzeby Mi\u0119dzynarodowego Roku Geofizycznego, kt\u00f3ry trwa\u0142 od 1 lipca 1957 roku do 31 grudnia 1958. W tym czasie powsta\u0142a r\u00f3wnie\u017c Polska Stacja Polarna Hornsund na Spitsbergenie.<\/p>\n\n\n\n<p>Wyprawa dotar\u0142a do Oazy Bungera 21 stycznia 1959 roku. Ze stacji Mirnyj ok. 340 km cz\u0142onkowie wyprawy pokonali transportem zorganizowanym przez Rosjan. Samolot Li-2 dowi\u00f3z\u0142 ludzi i \u0142adunek do lodowca Scotta. Ostatni odcinek 20 km pokonali \u015bmig\u0142owcem Mi-4. Jedzenie, aparatura naukowa oraz inny sprz\u0119t i rzeczy osobiste Polak\u00f3w wa\u017cy\u0142y oko\u0142o 3 tony.<\/p>\n\n\n\n<p>23 stycznia 1959 roku uroczy\u015bcie przej\u0119to Stacj\u0119 Oazis, kt\u00f3ra od tego momentu nosi nazw\u0119 Polskiej Stacji Antarktycznej im. A.B. Dobrowolskiego. W tym dniu po raz pierwszy polska flaga za\u0142opota\u0142a nad l\u0105dem Antarktydy Wschodniej.<\/p>\n\n\n\n<p>W grudniu 1959 roku kraje prowadz\u0105ce badania na kontynencie Antarktydy podpisa\u0142y Traktat Antarktyczny. Dzi\u0119ki zapocz\u0105tkowaniu swojej obecno\u015bci naukowej na Antarktydzie, Polska sta\u0142a si\u0119 trzynastym krajem przyj\u0119tym do grona pa\u0144stw prowadz\u0105cych sta\u0142e badania na Antarktydzie.<\/p>\n\n\n\n<figure class=\"wp-block-image size-large\"><img loading=\"lazy\" decoding=\"async\" width=\"1024\" height=\"790\" src=\"https:\/\/dobrowolski.igf.edu.pl\/wp-content\/uploads\/2022\/06\/1.-1959_7_lodowiec-_scota-1024x790.jpg\" alt=\"\" class=\"wp-image-3313\" srcset=\"https:\/\/dobrowolski.igf.edu.pl\/wp-content\/uploads\/2022\/06\/1.-1959_7_lodowiec-_scota-1024x790.jpg 1024w, https:\/\/dobrowolski.igf.edu.pl\/wp-content\/uploads\/2022\/06\/1.-1959_7_lodowiec-_scota-300x232.jpg 300w, https:\/\/dobrowolski.igf.edu.pl\/wp-content\/uploads\/2022\/06\/1.-1959_7_lodowiec-_scota-768x593.jpg 768w, https:\/\/dobrowolski.igf.edu.pl\/wp-content\/uploads\/2022\/06\/1.-1959_7_lodowiec-_scota-1536x1185.jpg 1536w, https:\/\/dobrowolski.igf.edu.pl\/wp-content\/uploads\/2022\/06\/1.-1959_7_lodowiec-_scota-2048x1580.jpg 2048w, https:\/\/dobrowolski.igf.edu.pl\/wp-content\/uploads\/2022\/06\/1.-1959_7_lodowiec-_scota-209x162.jpg 209w\" sizes=\"auto, (max-width: 1024px) 100vw, 1024px\" \/><figcaption><em>23 stycznia 1959 roku ZSRR uroczy\u015bcie przekaza\u0142 Polsce Stacj\u0119 Oazis, kt\u00f3ra otrzyma\u0142a now\u0105 nazw\u0119 Polska Stacja Antarktyczna im. A.B. Dobrowolskiego. W tym dniu po raz pierwszy podniesiono polsk\u0105 flag\u0119 w Oazie Bungera. Kadr z filmu dokumentalnego, autor nieznany (z archiwum Instytutu Geofizyki PAN).<\/em><\/figcaption><\/figure>\n\n\n\n<figure class=\"wp-block-image size-large\"><img loading=\"lazy\" decoding=\"async\" width=\"1024\" height=\"844\" src=\"https:\/\/dobrowolski.igf.edu.pl\/wp-content\/uploads\/2022\/06\/2.-1959_1_OazaBungera-1024x844.jpg\" alt=\"\" class=\"wp-image-3316\" srcset=\"https:\/\/dobrowolski.igf.edu.pl\/wp-content\/uploads\/2022\/06\/2.-1959_1_OazaBungera-1024x844.jpg 1024w, https:\/\/dobrowolski.igf.edu.pl\/wp-content\/uploads\/2022\/06\/2.-1959_1_OazaBungera-300x247.jpg 300w, https:\/\/dobrowolski.igf.edu.pl\/wp-content\/uploads\/2022\/06\/2.-1959_1_OazaBungera-768x633.jpg 768w, https:\/\/dobrowolski.igf.edu.pl\/wp-content\/uploads\/2022\/06\/2.-1959_1_OazaBungera-1536x1266.jpg 1536w, https:\/\/dobrowolski.igf.edu.pl\/wp-content\/uploads\/2022\/06\/2.-1959_1_OazaBungera-2048x1688.jpg 2048w\" sizes=\"auto, (max-width: 1024px) 100vw, 1024px\" \/><figcaption><em>W roku 1959 Polska Wyprawa Antarktyczna, po dop\u0142yni\u0119ciu do radzieckiej stacji Mirnyj, musia\u0142a jeszcze pokona\u0107 ok. 340 km, by dotrze\u0107 do Oazy Bungera. Samolot z Mirnego l\u0105dowa\u0142 na lodowcu Scotta. Ostatni odcinek pokonali przy pomocy helikoptera. Kadr z filmu dokumentalnego, autor nieznany (z archiwum Instytutu Geofizyki PAN).<\/em><\/figcaption><\/figure>\n\n\n\n<figure class=\"wp-block-image size-large\"><img loading=\"lazy\" decoding=\"async\" width=\"1024\" height=\"840\" src=\"https:\/\/dobrowolski.igf.edu.pl\/wp-content\/uploads\/2022\/06\/3.-1959_5_OazaBungera-1024x840.jpg\" alt=\"\" class=\"wp-image-3319\" srcset=\"https:\/\/dobrowolski.igf.edu.pl\/wp-content\/uploads\/2022\/06\/3.-1959_5_OazaBungera-1024x840.jpg 1024w, https:\/\/dobrowolski.igf.edu.pl\/wp-content\/uploads\/2022\/06\/3.-1959_5_OazaBungera-300x246.jpg 300w, https:\/\/dobrowolski.igf.edu.pl\/wp-content\/uploads\/2022\/06\/3.-1959_5_OazaBungera-768x630.jpg 768w, https:\/\/dobrowolski.igf.edu.pl\/wp-content\/uploads\/2022\/06\/3.-1959_5_OazaBungera-1536x1260.jpg 1536w, https:\/\/dobrowolski.igf.edu.pl\/wp-content\/uploads\/2022\/06\/3.-1959_5_OazaBungera-2048x1680.jpg 2048w\" sizes=\"auto, (max-width: 1024px) 100vw, 1024px\" \/><figcaption><em>Kierownik Wyprawy Wojciech Krzemi\u0144ski w trakcie wykonywania pomiar\u00f3w geofizycznych. Lato 1959. Kadr z filmu dokumentalnego, autor nieznany (z archiwum Instytutu Geofizyki PAN).<\/em><\/figcaption><\/figure>\n","protected":false},"excerpt":{"rendered":"<p>Pierwsza Polska Wyprawa do Oazy Bungera 1958\/1959 Pierwsza Polska Wyprawa Antarktyczna do Oazy Bungera wyruszy\u0142a z Gdyni 24 grudnia 1958 roku. Siedmiu uczestnik\u00f3w wyprawy wraz z 4. Radzieck\u0105 Wypraw\u0105 Antarktyczn\u0105 pop\u0142yn\u0119\u0142o statkiem MS Michai\u0142 Kalinin w kierunku Antarktydy Wschodniej. W wyprawie wzi\u0119li udzia\u0142: Wojciech Krzemi\u0144ski \u2013 kierownik, geofizyk; Stefan R\u00f3\u017cycki \u2013 geolog, przedstawiciel prezydium PAN; [&hellip;]<\/p>\n","protected":false},"author":4,"featured_media":0,"parent":3277,"menu_order":1,"comment_status":"closed","ping_status":"closed","template":"","meta":{"footnotes":""},"class_list":["post-3307","page","type-page","status-publish","hentry"],"_links":{"self":[{"href":"https:\/\/dobrowolski.igf.edu.pl\/index.php?rest_route=\/wp\/v2\/pages\/3307","targetHints":{"allow":["GET"]}}],"collection":[{"href":"https:\/\/dobrowolski.igf.edu.pl\/index.php?rest_route=\/wp\/v2\/pages"}],"about":[{"href":"https:\/\/dobrowolski.igf.edu.pl\/index.php?rest_route=\/wp\/v2\/types\/page"}],"author":[{"embeddable":true,"href":"https:\/\/dobrowolski.igf.edu.pl\/index.php?rest_route=\/wp\/v2\/users\/4"}],"replies":[{"embeddable":true,"href":"https:\/\/dobrowolski.igf.edu.pl\/index.php?rest_route=%2Fwp%2Fv2%2Fcomments&post=3307"}],"version-history":[{"count":3,"href":"https:\/\/dobrowolski.igf.edu.pl\/index.php?rest_route=\/wp\/v2\/pages\/3307\/revisions"}],"predecessor-version":[{"id":3328,"href":"https:\/\/dobrowolski.igf.edu.pl\/index.php?rest_route=\/wp\/v2\/pages\/3307\/revisions\/3328"}],"up":[{"embeddable":true,"href":"https:\/\/dobrowolski.igf.edu.pl\/index.php?rest_route=\/wp\/v2\/pages\/3277"}],"wp:attachment":[{"href":"https:\/\/dobrowolski.igf.edu.pl\/index.php?rest_route=%2Fwp%2Fv2%2Fmedia&parent=3307"}],"curies":[{"name":"wp","href":"https:\/\/api.w.org\/{rel}","templated":true}]}}