{"id":3349,"date":"2022-06-23T11:36:58","date_gmt":"2022-06-23T11:36:58","guid":{"rendered":"https:\/\/dobrowolski.igf.edu.pl\/?page_id=3349"},"modified":"2022-06-23T11:36:59","modified_gmt":"2022-06-23T11:36:59","slug":"1978-1979","status":"publish","type":"page","link":"https:\/\/dobrowolski.igf.edu.pl\/?page_id=3349","title":{"rendered":"1978\/1979"},"content":{"rendered":"\n<h2 class=\"wp-block-heading\"><strong>Trzecia polska wyprawa do Oazy Bungera 1978\/1979<\/strong><\/h2>\n\n\n\n<p>Okres pomi\u0119dzy 1977 a 1979 by\u0142 szczeg\u00f3lny dla polskich bada\u0144 polarnych. W roku 1977 na Szetlandach Po\u0142udniowych powsta\u0142a Polska Stacja Antarktyczna im. Henryka Arctowskiego. Rok p\u00f3\u017aniej wyremontowano Polsk\u0105 Stacj\u0119 Polarn\u0105 Hornsund na Spitsbergenie, kt\u00f3ra od tego momentu pracuje nieprzerwanie. W tym samym roku zorganizowano trzeci\u0105 polsk\u0105 wypraw\u0119 antarktyczn\u0105 do Oazy Bungera.<\/p>\n\n\n\n<p>Wyprawa wyruszy\u0142a z Gdyni 19 listopada 1978. Tym razem podr\u00f3\u017c odbywa\u0142a si\u0119 na polskim statku MS Zawichost. Uczestnikami ekspedycji by\u0142o a\u017c czterna\u015bcie os\u00f3b \u2013 zar\u00f3wno naukowc\u00f3w, jak i pracownik\u00f3w technicznych: Wojciech Krzemi\u0144ski (kierownik wyprawy, geofizyk), Gabriel W\u00f3jcik (zast\u0119pca kierownika, klimatolog), Zbigniew Battke (aerofotogrametra), Edward Wi\u015bniewski (geomorfolog) oraz geodeci: Jan Cisak, Seweryn Mroczek i Andrzej Pachuta. Natomiast grup\u0119 techniczn\u0105 stanowili: Zbigniew Kowalewski (zast\u0119pca kierownika do spraw technicznych), Janusz Gumi\u0144ski (radiotelegrafista), Bronis\u0142aw \u015awietlicki (lekarz), Czes\u0142aw Opoka (pilot) oraz trzech mechanik\u00f3w lotniczych: Janusz Mazur, Zdzis\u0142aw Stochnia\u0142 i Maciej Ta\u0142a\u0142as.<\/p>\n\n\n\n<p>Z pocz\u0105tku w wyprawie bra\u0142 udzia\u0142 drugi pilot Stefan Krupski, ale ze wzgl\u0119d\u00f3w zdrowotnych musia\u0142 wr\u00f3ci\u0107 do Polski. Tym samym statkiem p\u0142yn\u0119\u0142o jeszcze dw\u00f3ch polskich biolog\u00f3w, kt\u00f3rzy mieli prowadzi\u0107 ca\u0142oroczne badania na stacji Mirnyj.<\/p>\n\n\n\n<p>30 grudnia 1978 roku MS Zawichost stan\u0105\u0142 burt\u0105 do lod\u00f3w sz\u00f3stego kontynentu. By\u0142 to pierwszy statek pod polsk\u0105 bander\u0105, kt\u00f3ry dop\u0142yn\u0105\u0142 do Antarktydy. Wyprawa by\u0142a bardzo dobrze wyposa\u017cona, r\u00f3wnie\u017c w dwa helikoptery Mi-2.<\/p>\n\n\n\n<p>Pomi\u0119dzy 18 a 21 stycznia 1979 uczestnicy polskiej wyprawy wraz z \u0142adunkiem dotarli do Polskiej Stacji Antarktycznej im. A.B. Dobrowolskiego, a ich celem by\u0142o poznanie dynamiki strefy granicznej mi\u0119dzy lodowcami a powierzchni\u0105 Oazy. Prowadzono obserwacje geodezyjne, fotogrametryczne, glacjologiczne, geomorfologiczne, meteorologiczne i hydrologiczne. Przeprowadzono wst\u0119pne rozpoznanie geologiczne, a lekarz wyprawy prowadzi\u0142 badania zwi\u0105zane z fizjologi\u0105 cz\u0142owieka. Dodatkowym zadaniem by\u0142o badanie mo\u017cliwo\u015bci technicznych wykorzystania helikopter\u00f3w w warunkach antarktycznych.<\/p>\n\n\n\n<p>21 lutego 1979 wyprawa opu\u015bci\u0142a Oaz\u0119 Bungera. By\u0142a to najwi\u0119ksza polska ekspedycja w to miejsce. 17 marca 1979 wyprawa wyruszy\u0142a w drog\u0119 powrotn\u0105 na statku MS Garnuszewski. Czas pomi\u0119dzy pobytem w Oazie a powrotem polarnicy sp\u0119dzili na stacji Mirnyj.<\/p>\n\n\n\n<p>Niestety ze wzgl\u0119du na trudn\u0105 sytuacj\u0119 gospodarcz\u0105 Polski oraz warunki geopolityczne nie uda\u0142o si\u0119 kontynuowa\u0107 bada\u0144 w Oazie Bungera a\u017c do 2021 roku.<\/p>\n\n\n\n<figure class=\"wp-block-image size-large\"><img loading=\"lazy\" decoding=\"async\" width=\"1024\" height=\"681\" src=\"https:\/\/dobrowolski.igf.edu.pl\/wp-content\/uploads\/2022\/06\/1.-Zbigniew-Battke_Q5A8316-1024x681.jpg\" alt=\"\" class=\"wp-image-3358\" srcset=\"https:\/\/dobrowolski.igf.edu.pl\/wp-content\/uploads\/2022\/06\/1.-Zbigniew-Battke_Q5A8316-1024x681.jpg 1024w, https:\/\/dobrowolski.igf.edu.pl\/wp-content\/uploads\/2022\/06\/1.-Zbigniew-Battke_Q5A8316-300x200.jpg 300w, https:\/\/dobrowolski.igf.edu.pl\/wp-content\/uploads\/2022\/06\/1.-Zbigniew-Battke_Q5A8316-768x511.jpg 768w, https:\/\/dobrowolski.igf.edu.pl\/wp-content\/uploads\/2022\/06\/1.-Zbigniew-Battke_Q5A8316-1536x1022.jpg 1536w, https:\/\/dobrowolski.igf.edu.pl\/wp-content\/uploads\/2022\/06\/1.-Zbigniew-Battke_Q5A8316.jpg 1920w\" sizes=\"auto, (max-width: 1024px) 100vw, 1024px\" \/><figcaption><em>Pomiary kartograficzne prowadzone podczas wyprawy 1978\/1979. Oaza Bungera, Antarktyda Wschodnia. Od lewej stoj\u0105: Seweryn Mroczek i Jan Cisak (autor: Zbigniew Battke).<\/em><\/figcaption><\/figure>\n\n\n\n<figure class=\"wp-block-image size-large\"><img loading=\"lazy\" decoding=\"async\" width=\"1024\" height=\"676\" src=\"https:\/\/dobrowolski.igf.edu.pl\/wp-content\/uploads\/2022\/06\/2.-Zbigniew-Battke_Q5A8324-1024x676.jpg\" alt=\"\" class=\"wp-image-3361\" srcset=\"https:\/\/dobrowolski.igf.edu.pl\/wp-content\/uploads\/2022\/06\/2.-Zbigniew-Battke_Q5A8324-1024x676.jpg 1024w, https:\/\/dobrowolski.igf.edu.pl\/wp-content\/uploads\/2022\/06\/2.-Zbigniew-Battke_Q5A8324-300x198.jpg 300w, https:\/\/dobrowolski.igf.edu.pl\/wp-content\/uploads\/2022\/06\/2.-Zbigniew-Battke_Q5A8324-768x507.jpg 768w, https:\/\/dobrowolski.igf.edu.pl\/wp-content\/uploads\/2022\/06\/2.-Zbigniew-Battke_Q5A8324-1536x1014.jpg 1536w, https:\/\/dobrowolski.igf.edu.pl\/wp-content\/uploads\/2022\/06\/2.-Zbigniew-Battke_Q5A8324.jpg 1920w\" sizes=\"auto, (max-width: 1024px) 100vw, 1024px\" \/><figcaption><em>Helikopter Mi-2 Polskiej Akademii Nauk by\u0142 wykorzystywany do transportu naukowc\u00f3w podczas prac terenowych w Oazie Bungera, Antarktyda Wschodnia. Od lewej: Czes\u0142aw Opoka (pilot), Seweryn Mroczek (geodeta), Zdzis\u0142aw Stochnia\u0142 (mechanik), Jan Cisak (geodeta). Rok 1979 (autor: Zbigniew Battke).<\/em><\/figcaption><\/figure>\n\n\n\n<figure class=\"wp-block-image size-large\"><img loading=\"lazy\" decoding=\"async\" width=\"1024\" height=\"670\" src=\"https:\/\/dobrowolski.igf.edu.pl\/wp-content\/uploads\/2022\/06\/8.-Andrzej-Pachuta_Q5A0717-1024x670.jpg\" alt=\"\" class=\"wp-image-3364\" srcset=\"https:\/\/dobrowolski.igf.edu.pl\/wp-content\/uploads\/2022\/06\/8.-Andrzej-Pachuta_Q5A0717-1024x670.jpg 1024w, https:\/\/dobrowolski.igf.edu.pl\/wp-content\/uploads\/2022\/06\/8.-Andrzej-Pachuta_Q5A0717-300x196.jpg 300w, https:\/\/dobrowolski.igf.edu.pl\/wp-content\/uploads\/2022\/06\/8.-Andrzej-Pachuta_Q5A0717-768x502.jpg 768w, https:\/\/dobrowolski.igf.edu.pl\/wp-content\/uploads\/2022\/06\/8.-Andrzej-Pachuta_Q5A0717-1536x1005.jpg 1536w, https:\/\/dobrowolski.igf.edu.pl\/wp-content\/uploads\/2022\/06\/8.-Andrzej-Pachuta_Q5A0717.jpg 1920w\" sizes=\"auto, (max-width: 1024px) 100vw, 1024px\" \/><figcaption><em>W trakcie pomiar\u00f3w glacjologicznych i geomorfologicznych uczestnicy wyprawy nocowali w namiotach kilka kilometr\u00f3w od Stacji Dobrowolskiego. Lato 1979, Oaza Bungera, Antarktyda Wschodnia (autor: Andrzej Pachuta).<\/em><\/figcaption><\/figure>\n","protected":false},"excerpt":{"rendered":"<p>Trzecia polska wyprawa do Oazy Bungera 1978\/1979 Okres pomi\u0119dzy 1977 a 1979 by\u0142 szczeg\u00f3lny dla polskich bada\u0144 polarnych. W roku 1977 na Szetlandach Po\u0142udniowych powsta\u0142a Polska Stacja Antarktyczna im. Henryka Arctowskiego. Rok p\u00f3\u017aniej wyremontowano Polsk\u0105 Stacj\u0119 Polarn\u0105 Hornsund na Spitsbergenie, kt\u00f3ra od tego momentu pracuje nieprzerwanie. W tym samym roku zorganizowano trzeci\u0105 polsk\u0105 wypraw\u0119 antarktyczn\u0105 [&hellip;]<\/p>\n","protected":false},"author":4,"featured_media":0,"parent":3277,"menu_order":3,"comment_status":"closed","ping_status":"closed","template":"","meta":{"footnotes":""},"class_list":["post-3349","page","type-page","status-publish","hentry"],"_links":{"self":[{"href":"https:\/\/dobrowolski.igf.edu.pl\/index.php?rest_route=\/wp\/v2\/pages\/3349","targetHints":{"allow":["GET"]}}],"collection":[{"href":"https:\/\/dobrowolski.igf.edu.pl\/index.php?rest_route=\/wp\/v2\/pages"}],"about":[{"href":"https:\/\/dobrowolski.igf.edu.pl\/index.php?rest_route=\/wp\/v2\/types\/page"}],"author":[{"embeddable":true,"href":"https:\/\/dobrowolski.igf.edu.pl\/index.php?rest_route=\/wp\/v2\/users\/4"}],"replies":[{"embeddable":true,"href":"https:\/\/dobrowolski.igf.edu.pl\/index.php?rest_route=%2Fwp%2Fv2%2Fcomments&post=3349"}],"version-history":[{"count":3,"href":"https:\/\/dobrowolski.igf.edu.pl\/index.php?rest_route=\/wp\/v2\/pages\/3349\/revisions"}],"predecessor-version":[{"id":3367,"href":"https:\/\/dobrowolski.igf.edu.pl\/index.php?rest_route=\/wp\/v2\/pages\/3349\/revisions\/3367"}],"up":[{"embeddable":true,"href":"https:\/\/dobrowolski.igf.edu.pl\/index.php?rest_route=\/wp\/v2\/pages\/3277"}],"wp:attachment":[{"href":"https:\/\/dobrowolski.igf.edu.pl\/index.php?rest_route=%2Fwp%2Fv2%2Fmedia&parent=3349"}],"curies":[{"name":"wp","href":"https:\/\/api.w.org\/{rel}","templated":true}]}}