{"id":3373,"date":"2022-06-23T11:42:48","date_gmt":"2022-06-23T11:42:48","guid":{"rendered":"https:\/\/dobrowolski.igf.edu.pl\/?page_id=3373"},"modified":"2022-06-23T11:42:48","modified_gmt":"2022-06-23T11:42:48","slug":"1988-1989","status":"publish","type":"page","link":"https:\/\/dobrowolski.igf.edu.pl\/?page_id=3373","title":{"rendered":"1988\/1989"},"content":{"rendered":"\n<h2 class=\"wp-block-heading\"><strong>Wyprawa polskich biolog\u00f3w do Oazy Bungera 1988\/1989<\/strong><\/h2>\n\n\n\n<p>31 pa\u017adziernika 1988 roku Krzysztof Filcek oraz Krzysztof Zieli\u0144ski, pracownicy Instytutu Ekologii Polskiej Akademii Nauk, wraz z 34. Radzieck\u0105 Ekspedycj\u0105 Antarktyczn\u0105 wyruszyli w kierunku Antarktydy. Po trwaj\u0105cej ponad trzy miesi\u0105ce podr\u00f3\u017cy statkiem ekspedycyjnym RV Akademik Fiodorow 4 lutego 1989 roku dotarli do Oazy Bungera.<\/p>\n\n\n\n<p>Celem polskich biolog\u00f3w by\u0142o prowadzenie bada\u0144 ekologicznych, a wi\u0119c szukanie powiaza\u0144 mi\u0119dzy organizmami \u017cywymi a \u015brodowiskiem abiotycznym (nieo\u017cywionym) Oazy Bungera. W trakcie 65 dni pobytu naukowcy zbadali i pobrali osady jeziorne oraz pr\u00f3bki fitoplanktonu i zooplanktonu z jezior s\u0142odkowodnych, brachicznych oraz s\u0142onowodnych. Dodatkowo przywie\u017ali do Polski kolekcj\u0119 porost\u00f3w.<\/p>\n\n\n\n<p>W ekspedycji bra\u0142 udzia\u0142 esto\u0144ski naukowiec Enn Kaup, dla kt\u00f3rego by\u0142a to ju\u017c druga wyprawa do Oazy Bungera. Zar\u00f3wno w 1987, jak i w 1989 Enn Kaup prowadzi\u0142 badania zwi\u0105zane z ekologi\u0105 jezior. Wsp\u00f3lnie z Krzysztofem Filckiem oraz Krzysztofem Zieli\u0144skim prowadzili badania jezior. By upami\u0119tni\u0107 wsp\u00f3\u0142prac\u0119 pomi\u0119dzy Polska a Estoni\u0105, jedno z jezior nazwali Polest. Nazwa ta funkcjonuje do dzi\u015b.<\/p>\n\n\n\n<p>W trakcie pobytu w Oazie Bungera polscy naukowcy mieszkali wraz z pozosta\u0142ymi cz\u0142onkami wyprawy w rosyjskiej Stacji Oazis-2 (dzi\u015b nazywanej Banger Oasis). Stacja Banger Oasis powsta\u0142a w 1987 roku oko\u0142o 250 m na zach\u00f3d od budynk\u00f3w Polskiej Stacji Antarktycznej im. A.B. Dobrowolskiego.<\/p>\n\n\n\n<figure class=\"wp-block-image size-full\"><img loading=\"lazy\" decoding=\"async\" width=\"1024\" height=\"677\" src=\"https:\/\/dobrowolski.igf.edu.pl\/wp-content\/uploads\/2022\/06\/6.-Enn-Kaup-w-trakcie-badan-1987.jpg\" alt=\"\" class=\"wp-image-3379\" srcset=\"https:\/\/dobrowolski.igf.edu.pl\/wp-content\/uploads\/2022\/06\/6.-Enn-Kaup-w-trakcie-badan-1987.jpg 1024w, https:\/\/dobrowolski.igf.edu.pl\/wp-content\/uploads\/2022\/06\/6.-Enn-Kaup-w-trakcie-badan-1987-300x198.jpg 300w, https:\/\/dobrowolski.igf.edu.pl\/wp-content\/uploads\/2022\/06\/6.-Enn-Kaup-w-trakcie-badan-1987-768x508.jpg 768w\" sizes=\"auto, (max-width: 1024px) 100vw, 1024px\" \/><figcaption><em>Enn Kaup w trakcie pomiar\u00f3w laboratoryjnych. Wn\u0119trze jednego z budynk\u00f3w mieszkalnych Polskiej Stacji Antarktycznej im. A.B. Dobrowolskiego. Luty 1987, Oaza Bungera (autor nieznany, z kolekcji Enn Kaupa).<\/em><\/figcaption><\/figure>\n\n\n\n<figure class=\"wp-block-image size-full\"><img loading=\"lazy\" decoding=\"async\" width=\"1024\" height=\"673\" src=\"https:\/\/dobrowolski.igf.edu.pl\/wp-content\/uploads\/2022\/06\/1.-Enn-Kaup-Dobrowolski-Bunger-Oasis-1987.jpg\" alt=\"\" class=\"wp-image-3382\" srcset=\"https:\/\/dobrowolski.igf.edu.pl\/wp-content\/uploads\/2022\/06\/1.-Enn-Kaup-Dobrowolski-Bunger-Oasis-1987.jpg 1024w, https:\/\/dobrowolski.igf.edu.pl\/wp-content\/uploads\/2022\/06\/1.-Enn-Kaup-Dobrowolski-Bunger-Oasis-1987-300x197.jpg 300w, https:\/\/dobrowolski.igf.edu.pl\/wp-content\/uploads\/2022\/06\/1.-Enn-Kaup-Dobrowolski-Bunger-Oasis-1987-768x505.jpg 768w\" sizes=\"auto, (max-width: 1024px) 100vw, 1024px\" \/><figcaption><em>W roku 1987 w Polskiej Stacji Antarktycznej im. A.B. Dobrowolskiego mieszkali radzieccy naukowcy oraz budowniczowie nowej rosyjskiej stacji Oazis-2, dzi\u015b nazywanej Banger Oasis (autor: Enn Kaup).<\/em><\/figcaption><\/figure>\n\n\n\n<figure class=\"wp-block-image size-full\"><img loading=\"lazy\" decoding=\"async\" width=\"1024\" height=\"707\" src=\"https:\/\/dobrowolski.igf.edu.pl\/wp-content\/uploads\/2022\/06\/3.-Enn-Kaup-Krzysztof-Filcek-i-Krzysztof-Zielinski-Bunger-Oasis-1989.jpg\" alt=\"\" class=\"wp-image-3385\" srcset=\"https:\/\/dobrowolski.igf.edu.pl\/wp-content\/uploads\/2022\/06\/3.-Enn-Kaup-Krzysztof-Filcek-i-Krzysztof-Zielinski-Bunger-Oasis-1989.jpg 1024w, https:\/\/dobrowolski.igf.edu.pl\/wp-content\/uploads\/2022\/06\/3.-Enn-Kaup-Krzysztof-Filcek-i-Krzysztof-Zielinski-Bunger-Oasis-1989-300x207.jpg 300w, https:\/\/dobrowolski.igf.edu.pl\/wp-content\/uploads\/2022\/06\/3.-Enn-Kaup-Krzysztof-Filcek-i-Krzysztof-Zielinski-Bunger-Oasis-1989-768x530.jpg 768w\" sizes=\"auto, (max-width: 1024px) 100vw, 1024px\" \/><figcaption><em>Krzysztof Filcek (po lewej) i Krzysztof Zielinski (po prawej) w Zatoce Polskich Geodet\u00f3w, Jezioro Figurowe, okolica Polskiej Stacji Antarktycznej im. A.B. Dobrowolskiego. Luty 1989, Oaza Bungera (autor: Enn Kaup).<\/em><\/figcaption><\/figure>\n","protected":false},"excerpt":{"rendered":"<p>Wyprawa polskich biolog\u00f3w do Oazy Bungera 1988\/1989 31 pa\u017adziernika 1988 roku Krzysztof Filcek oraz Krzysztof Zieli\u0144ski, pracownicy Instytutu Ekologii Polskiej Akademii Nauk, wraz z 34. Radzieck\u0105 Ekspedycj\u0105 Antarktyczn\u0105 wyruszyli w kierunku Antarktydy. Po trwaj\u0105cej ponad trzy miesi\u0105ce podr\u00f3\u017cy statkiem ekspedycyjnym RV Akademik Fiodorow 4 lutego 1989 roku dotarli do Oazy Bungera. Celem polskich biolog\u00f3w by\u0142o [&hellip;]<\/p>\n","protected":false},"author":4,"featured_media":0,"parent":3277,"menu_order":4,"comment_status":"closed","ping_status":"closed","template":"","meta":{"footnotes":""},"class_list":["post-3373","page","type-page","status-publish","hentry"],"_links":{"self":[{"href":"https:\/\/dobrowolski.igf.edu.pl\/index.php?rest_route=\/wp\/v2\/pages\/3373","targetHints":{"allow":["GET"]}}],"collection":[{"href":"https:\/\/dobrowolski.igf.edu.pl\/index.php?rest_route=\/wp\/v2\/pages"}],"about":[{"href":"https:\/\/dobrowolski.igf.edu.pl\/index.php?rest_route=\/wp\/v2\/types\/page"}],"author":[{"embeddable":true,"href":"https:\/\/dobrowolski.igf.edu.pl\/index.php?rest_route=\/wp\/v2\/users\/4"}],"replies":[{"embeddable":true,"href":"https:\/\/dobrowolski.igf.edu.pl\/index.php?rest_route=%2Fwp%2Fv2%2Fcomments&post=3373"}],"version-history":[{"count":2,"href":"https:\/\/dobrowolski.igf.edu.pl\/index.php?rest_route=\/wp\/v2\/pages\/3373\/revisions"}],"predecessor-version":[{"id":3388,"href":"https:\/\/dobrowolski.igf.edu.pl\/index.php?rest_route=\/wp\/v2\/pages\/3373\/revisions\/3388"}],"up":[{"embeddable":true,"href":"https:\/\/dobrowolski.igf.edu.pl\/index.php?rest_route=\/wp\/v2\/pages\/3277"}],"wp:attachment":[{"href":"https:\/\/dobrowolski.igf.edu.pl\/index.php?rest_route=%2Fwp%2Fv2%2Fmedia&parent=3373"}],"curies":[{"name":"wp","href":"https:\/\/api.w.org\/{rel}","templated":true}]}}