{"id":853,"date":"2021-10-06T09:02:45","date_gmt":"2021-10-06T09:02:45","guid":{"rendered":"https:\/\/dobrowolski.igf.edu.pl\/?page_id=853"},"modified":"2021-11-04T09:21:58","modified_gmt":"2021-11-04T09:21:58","slug":"strona-glowna","status":"publish","type":"page","link":"https:\/\/dobrowolski.igf.edu.pl\/","title":{"rendered":"Strona g\u0142\u00f3wna"},"content":{"rendered":"\n<p>Polska Stacja Antarktyczna im. Antoniego Boles\u0142awa Dobrowolskiego jest najstarsz\u0105 polsk\u0105 plac\u00f3wk\u0105 badawcz\u0105 w Antarktyce, a zarazem jedyn\u0105, kt\u00f3ra jest po\u0142o\u017cona na Antarktydzie kontynentalnej.<\/p>\n\n\n\n<p>Budynki Stacji zosta\u0142y wybudowane w 1957 roku przez Zwi\u0105zek Radziecki i przekazane w&nbsp;darze wraz z wyposa\u017ceniem Polsce jako stacja Oazis w grudniu 1958 roku. Jej techniczne przej\u0119cie przez Polsk\u0105 Akademi\u0119 Nauk nast\u0105pi\u0142o w styczniu 1959 roku. Wtedy te\u017c zosta\u0142a przemianowana na Stacj\u0119 im. A.B. Dobrowolskiego.<\/p>\n\n\n\n<p>W 1991 roku plac\u00f3wk\u0119 u\u017cyczono Instytutowi Geofizyki PAN w celu prowadzenia dzia\u0142alno\u015bci naukowej. W 2019 roku Ministerstwo Nauki i Szkolnictwa Wy\u017cszego przyzna\u0142o Instytutowi Geofizyki PAN \u015brodki na rewitalizacj\u0119 Stacji.<\/p>\n\n\n\n<figure class=\"wp-block-image size-large\"><img loading=\"lazy\" decoding=\"async\" width=\"1024\" height=\"671\" src=\"https:\/\/dobrowolski.igf.edu.pl\/wp-content\/uploads\/2021\/09\/Andrzej-Pachuta-3-1024x671.jpg\" alt=\"Stacja Dobrowolskiego\" class=\"wp-image-688\" srcset=\"https:\/\/dobrowolski.igf.edu.pl\/wp-content\/uploads\/2021\/09\/Andrzej-Pachuta-3-1024x671.jpg 1024w, https:\/\/dobrowolski.igf.edu.pl\/wp-content\/uploads\/2021\/09\/Andrzej-Pachuta-3-300x197.jpg 300w, https:\/\/dobrowolski.igf.edu.pl\/wp-content\/uploads\/2021\/09\/Andrzej-Pachuta-3-768x504.jpg 768w, https:\/\/dobrowolski.igf.edu.pl\/wp-content\/uploads\/2021\/09\/Andrzej-Pachuta-3-1536x1007.jpg 1536w, https:\/\/dobrowolski.igf.edu.pl\/wp-content\/uploads\/2021\/09\/Andrzej-Pachuta-3.jpg 1920w\" sizes=\"auto, (max-width: 1024px) 100vw, 1024px\" \/><figcaption> <em>Zabudowania Polskiej Stacji Antarktycznej im. A.B. Dobrowolskiego, 1979 r., fot. A. Pachuta <\/em><\/figcaption><\/figure>\n\n\n\n<h3 class=\"wp-block-heading\"><strong>Po\u0142o\u017cenie geograficzne<\/strong><\/h3>\n\n\n\n<p>Oaza Bungera, w kt\u00f3rej jest po\u0142o\u017cona Stacja, znajduje si\u0119 na brzegu Jeziora Figurowego (ros. Figurnoje Oziero, ang. Algae Lake) na Ziemi Wilkesa w Antarktydzie Wschodniej, oko\u0142o 130 km na po\u0142udnie od kraw\u0119dzi szelfowego lodowca Shackletona. Stanowi archipelag s\u0142ono- i s\u0142odkowodnych jezior, maj\u0105cych prawdopodobnie po\u0142\u0105czenie z Oceanem Po\u0142udniowym pod lodowcem Shackletona. Skalista oaza jest jednym z najwi\u0119kszych (ok. 1000 km<sup>2<\/sup> powierzchni) w\u015br\u00f3d nielicznych niepokrytych lodem obszar\u00f3w na Antarktydzie. Jej odkrycie w roku 1947 roku przez eskadr\u0119 samolot\u00f3w zwiadowczych pod dow\u00f3dztwem Davida E. Bungera by\u0142o sensacj\u0105 \u015bwiatow\u0105.<\/p>\n\n\n\n<p>Wsp\u00f3\u0142rz\u0119dne Stacji: 66\u00b016\u203229\u2033S 100\u00b045\u203200\u2033E.<\/p>\n\n\n\n<h3 class=\"wp-block-heading\"><strong>Charakterystyka i potencja\u0142 badawczy<\/strong><\/h3>\n\n\n\n<p>Ze wzgl\u0119du na specyfik\u0119 klimatyczn\u0105 i geomorfologiczn\u0105 Oaza Bungera jest unikatowym miejscem na Ziemi, traktowanym cz\u0119sto jako analog marsja\u0144ski. Zagadkowo\u015b\u0107 jej genezy, blisko\u015b\u0107 po\u0142udniowego bieguna magnetycznego, bezpo\u015bredni dost\u0119p do geologicznego pod\u0142o\u017ca kontynentu oraz mo\u017cliwo\u015b\u0107 prowadzenia bada\u0144 w nieska\u017conym \u015brodowisku przyrodniczym sprawia, \u017ce to miejsce jest jednym z najbardziej atrakcyjnych naukowo obszar\u00f3w na Antarktydzie.<\/p>\n\n\n\n<p>Wymagaj\u0105ce warunki \u015brodowiskowe Oazy Bungera tworz\u0105 mo\u017cliwo\u015bci testowania zar\u00f3wno innowacyjnych \u017ar\u00f3de\u0142 zasilania aparatury naukowej w energi\u0119, jak i technik telekomunikacyjnych dla przesy\u0142ania danych pomiarowych. Obszar stanowi zatem doskona\u0142y poligon wsp\u00f3\u0142pracy pomi\u0119dzy nauk\u0105 i firmami rozwijaj\u0105cymi technologie budowy odnawialnych \u017ar\u00f3de\u0142 energii oraz system\u00f3w teletransmisyjnych.<\/p>\n\n\n\n<h3 class=\"wp-block-heading\"><strong>Planowane dzia\u0142ania naukowe<\/strong><\/h3>\n\n\n\n<p>Ze wzgl\u0119du na niego\u015bcinno\u015b\u0107 miejsca planowane jest postawienie ca\u0142orocznych, autonomicznych pod wzgl\u0119dem zasilania i automatycznych stacji geofizycznych (sejsmicznych, magnetycznych), kt\u00f3re pozwol\u0105 na badanie g\u0142\u0119bokich struktur Ziemi oraz procesu generacji ziemskiego pola magnetycznego. W planach jest ustawienie anteny do bada\u0144 jonosfery, kt\u00f3rej stan, podobnie jak obraz magnetosfery, pozwoli na lepsze prognozowanie pogody kosmicznej, nie pozostaj\u0105cej, jak si\u0119 wydaje, bez wp\u0142ywu na zmiany klimatyczne. W trakcie wypraw b\u0119d\u0105 prowadzone tak\u017ce badania geologiczne i geochemiczne oraz monitoring proces\u00f3w geomorfologicznych, hydrologicznych i glacjologicznych, kt\u00f3re obrazuj\u0105 zmiany system\u00f3w polarnych.<\/p>\n\n\n\n<p>Powr\u00f3t Polski do Oazy Bungera i ponowne u\u017cytkowanie Stacji im. A.B. Dobrowolskiego stwarza dla naszego kraju nowe szanse na rozw\u00f3j frontowych technik badawczych i&nbsp;powi\u0105zanych z nimi nowoczesnych technologii.<\/p>\n","protected":false},"excerpt":{"rendered":"<p>Polska Stacja Antarktyczna im. Antoniego Boles\u0142awa Dobrowolskiego jest najstarsz\u0105 polsk\u0105 plac\u00f3wk\u0105 badawcz\u0105 w Antarktyce, a zarazem jedyn\u0105, kt\u00f3ra jest po\u0142o\u017cona na Antarktydzie kontynentalnej. Budynki Stacji zosta\u0142y wybudowane w 1957 roku przez Zwi\u0105zek Radziecki i przekazane w&nbsp;darze wraz z wyposa\u017ceniem Polsce jako stacja Oazis w grudniu 1958 roku. Jej techniczne przej\u0119cie przez Polsk\u0105 Akademi\u0119 Nauk nast\u0105pi\u0142o [&hellip;]<\/p>\n","protected":false},"author":1,"featured_media":0,"parent":0,"menu_order":0,"comment_status":"closed","ping_status":"closed","template":"","meta":{"footnotes":""},"class_list":["post-853","page","type-page","status-publish","hentry"],"_links":{"self":[{"href":"https:\/\/dobrowolski.igf.edu.pl\/index.php?rest_route=\/wp\/v2\/pages\/853","targetHints":{"allow":["GET"]}}],"collection":[{"href":"https:\/\/dobrowolski.igf.edu.pl\/index.php?rest_route=\/wp\/v2\/pages"}],"about":[{"href":"https:\/\/dobrowolski.igf.edu.pl\/index.php?rest_route=\/wp\/v2\/types\/page"}],"author":[{"embeddable":true,"href":"https:\/\/dobrowolski.igf.edu.pl\/index.php?rest_route=\/wp\/v2\/users\/1"}],"replies":[{"embeddable":true,"href":"https:\/\/dobrowolski.igf.edu.pl\/index.php?rest_route=%2Fwp%2Fv2%2Fcomments&post=853"}],"version-history":[{"count":8,"href":"https:\/\/dobrowolski.igf.edu.pl\/index.php?rest_route=\/wp\/v2\/pages\/853\/revisions"}],"predecessor-version":[{"id":1492,"href":"https:\/\/dobrowolski.igf.edu.pl\/index.php?rest_route=\/wp\/v2\/pages\/853\/revisions\/1492"}],"wp:attachment":[{"href":"https:\/\/dobrowolski.igf.edu.pl\/index.php?rest_route=%2Fwp%2Fv2%2Fmedia&parent=853"}],"curies":[{"name":"wp","href":"https:\/\/api.w.org\/{rel}","templated":true}]}}